{"id":1544,"date":"2019-05-06T16:16:32","date_gmt":"2019-05-06T14:16:32","guid":{"rendered":"http:\/\/atsyachtservice.com\/das-unternehmen\/"},"modified":"2024-07-16T15:56:02","modified_gmt":"2024-07-16T13:56:02","slug":"das-unternehmen","status":"publish","type":"page","link":"https:\/\/atsyachtservice.com\/de\/das-unternehmen\/","title":{"rendered":"DAS UNTERNEHMEN"},"content":{"rendered":"<p><strong>ATS Srl<\/strong> wurde 2008 in Viareggio nach langj\u00e4hriger Erfahrung im Bereich der <strong>Schiffstechnik <\/strong>gegr\u00fcndet und hat sich auf den Bau von <strong><u><a href=\"http:\/\/atsyachtservice.com\/de\/servizi\/hydraulische-haus-und-industrieanlagen\/\">fluidtechnischen<\/a><\/u><\/strong> <strong><u><a href=\"http:\/\/atsyachtservice.com\/de\/servizi\/pneumatische-schiffsanlagen\/\">Anlagen (Hydraulik, Pneumatik<\/a><\/u><\/strong>, <a href=\"http:\/\/atsyachtservice.com\/de\/servizi\/olhydraulische-anlagen-fur-yachten\/\">\u00d6lhydraulik)<\/a> und <strong><u><a href=\"http:\/\/atsyachtservice.com\/de\/servizi\/brandschutzanlagen-fur-schiffe\/\">Brandschutzanlagen<\/a><\/u><\/strong> spezialisiert. ATS srl kann auf eine Produktionsanlage mit 70 Einheiten z\u00e4hlen, die erlaubt, auch rasche und au\u00dferplanm\u00e4\u00dfige Arbeiten zu \u00fcbernehmen, ohne die laufenden Arbeiten zu vernachl\u00e4ssigen.<\/p>\n<p>Von Anfang an sind die Arbeitskr\u00e4fte f\u00fcr das Unternehmen bei der Herstellung eines hervorragenden Produkts ein wichtiges Element gewesen. Deswegen&#8230;<\/p>\n<p>\u00a0besch\u00e4ftigt ATS <strong>Personal mit einem Erfahrungswissen aus der besten Schifffahrtskultur von Viareggio,<\/strong><\/p>\n<p>das sich im Betrieb in hoch spezialisierte und differenzierte Teams aufteilt, um die verschiedenen Arbeiten &#8211; <strong>Service, Refitting und Konstruktion<\/strong> \u2013 in Angriff zu nehmen.<\/p>\n<p>Die <strong>starke Personalisierung<\/strong>, die wir dem Kunden anbieten, wird von den Technikern, die in unserer Werkstatt arbeiten, garantiert und durch den Einsatz <strong>professioneller Pr\u00e4zisionsinstrumente<\/strong> k\u00f6nnen wir Rohrleitungen im kompletten Fertigungszyklus, von der Konstruktion bis zum Schwei\u00dfen, fertigen. Unser Fuhrpark ist hervorragend ausger\u00fcstet und dynamisch, sodass wir unseren Kunden an der gesamten K\u00fcste des Mittelmeers selbst in der Kreuzfahrtsaison immer <strong>rechtzeitig zur Hilfe<\/strong> kommen k\u00f6nnen.<\/p>\n<p>Um das eigene Angebot wettbewerbsf\u00e4higer zu gestalten und gleichzeitig den Kundenanforderungen gerecht zu werden, hat ATS begonnen, <strong>kommerzielle Partnerschaften<\/strong> mit Lieferanten an allen bedeutenden H\u00e4fen entlang der K\u00fcsten Europas und dar\u00fcber hinaus zu schlie\u00dfen&#8230;<\/p>\n<p>ATS profitiert von strategischen operativen Basen, die durch die Er\u00f6ffnung von <strong>ATS BALEARES sl<\/strong> in Palma de Mallorca, <strong>ATS FRANCE sas<\/strong> in Cannes und <strong>ATS USA llc<\/strong> in Miami geschaffen wurden, um seine Dienstleistungen entlang der meisten europ\u00e4ischen und internationalen K\u00fcsten anzubieten und dabei Zusammenarbeit mit ausl\u00e4ndischen Lieferanten zu intensivieren.<\/p>\n<p>Dadurch k\u00f6nnen wir dem Kunden <strong>Materialien zu wettbewerbsf\u00e4higen Preisen <\/strong>mit<strong> Wartezeiten, die auf ein Minimum reduziert sind,<\/strong> und einer merklichen Minderung der Transportkosten anbieten.<\/p>\n","protected":false},"excerpt":{"rendered":"<p>ATS Srl wurde 2008 in Viareggio nach langj\u00e4hriger Erfahrung im Bereich der Schiffstechnik gegr\u00fcndet und hat sich auf den Bau von fluidtechnischen Anlagen (Hydraulik, Pneumatik, \u00d6lhydraulik) und Brandschutzanlagen spezialisiert. ATS srl kann auf eine Produktionsanlage mit 70 Einheiten z\u00e4hlen, die erlaubt, auch rasche und au\u00dferplanm\u00e4\u00dfige Arbeiten zu \u00fcbernehmen, ohne die laufenden Arbeiten zu vernachl\u00e4ssigen. Von &hellip;<\/p>\n","protected":false},"author":1,"featured_media":0,"parent":0,"menu_order":0,"comment_status":"closed","ping_status":"closed","template":"","meta":{"_acf_changed":false,"footnotes":""},"class_list":["post-1544","page","type-page","status-publish","hentry"],"acf":[],"yoast_head":"<!-- This site is optimized with the Yoast SEO plugin v27.5 - https:\/\/yoast.com\/product\/yoast-seo-wordpress\/ -->\n<title>DAS UNTERNEHMEN - ATS<\/title>\n<meta name=\"robots\" content=\"index, follow, max-snippet:-1, max-image-preview:large, max-video-preview:-1\" \/>\n<link rel=\"canonical\" href=\"https:\/\/atsyachtservice.com\/de\/das-unternehmen\/\" \/>\n<meta property=\"og:locale\" content=\"de_DE\" \/>\n<meta property=\"og:type\" content=\"article\" \/>\n<meta property=\"og:title\" content=\"DAS UNTERNEHMEN - ATS\" \/>\n<meta property=\"og:description\" content=\"ATS Srl wurde 2008 in Viareggio nach langj\u00e4hriger Erfahrung im Bereich der Schiffstechnik gegr\u00fcndet und hat sich auf den Bau von fluidtechnischen Anlagen (Hydraulik, Pneumatik, \u00d6lhydraulik) und Brandschutzanlagen spezialisiert. ATS srl kann auf eine Produktionsanlage mit 70 Einheiten z\u00e4hlen, die erlaubt, auch rasche und au\u00dferplanm\u00e4\u00dfige Arbeiten zu \u00fcbernehmen, ohne die laufenden Arbeiten zu vernachl\u00e4ssigen. Von &hellip;\" \/>\n<meta property=\"og:url\" content=\"https:\/\/atsyachtservice.com\/de\/das-unternehmen\/\" \/>\n<meta property=\"og:site_name\" content=\"ATS\" \/>\n<meta property=\"article:publisher\" content=\"https:\/\/www.facebook.com\/ATS-srl-265660544013092\/\" \/>\n<meta property=\"article:modified_time\" content=\"2024-07-16T13:56:02+00:00\" \/>\n<meta name=\"twitter:card\" content=\"summary_large_image\" \/>\n<meta name=\"twitter:label1\" content=\"Est. reading time\" \/>\n\t<meta name=\"twitter:data1\" content=\"2 minutes\" \/>\n<script type=\"application\/ld+json\" class=\"yoast-schema-graph\">{\"@context\":\"https:\\\/\\\/schema.org\",\"@graph\":[{\"@type\":\"WebPage\",\"@id\":\"https:\\\/\\\/atsyachtservice.com\\\/de\\\/das-unternehmen\\\/\",\"url\":\"https:\\\/\\\/atsyachtservice.com\\\/de\\\/das-unternehmen\\\/\",\"name\":\"DAS UNTERNEHMEN - ATS\",\"isPartOf\":{\"@id\":\"https:\\\/\\\/atsyachtservice.com\\\/de\\\/#website\"},\"datePublished\":\"2019-05-06T14:16:32+00:00\",\"dateModified\":\"2024-07-16T13:56:02+00:00\",\"breadcrumb\":{\"@id\":\"https:\\\/\\\/atsyachtservice.com\\\/de\\\/das-unternehmen\\\/#breadcrumb\"},\"inLanguage\":\"de-DE\",\"potentialAction\":[{\"@type\":\"ReadAction\",\"target\":[\"https:\\\/\\\/atsyachtservice.com\\\/de\\\/das-unternehmen\\\/\"]}]},{\"@type\":\"BreadcrumbList\",\"@id\":\"https:\\\/\\\/atsyachtservice.com\\\/de\\\/das-unternehmen\\\/#breadcrumb\",\"itemListElement\":[{\"@type\":\"ListItem\",\"position\":1,\"name\":\"Home\",\"item\":\"https:\\\/\\\/atsyachtservice.com\\\/de\\\/\"},{\"@type\":\"ListItem\",\"position\":2,\"name\":\"DAS UNTERNEHMEN\"}]},{\"@type\":\"WebSite\",\"@id\":\"https:\\\/\\\/atsyachtservice.com\\\/de\\\/#website\",\"url\":\"https:\\\/\\\/atsyachtservice.com\\\/de\\\/\",\"name\":\"ATS\",\"description\":\"SYST\u00c8MES HYDRAULIQUES NAVALS\",\"publisher\":{\"@id\":\"https:\\\/\\\/atsyachtservice.com\\\/de\\\/#organization\"},\"potentialAction\":[{\"@type\":\"SearchAction\",\"target\":{\"@type\":\"EntryPoint\",\"urlTemplate\":\"https:\\\/\\\/atsyachtservice.com\\\/de\\\/?s={search_term_string}\"},\"query-input\":{\"@type\":\"PropertyValueSpecification\",\"valueRequired\":true,\"valueName\":\"search_term_string\"}}],\"inLanguage\":\"de-DE\"},{\"@type\":\"Organization\",\"@id\":\"https:\\\/\\\/atsyachtservice.com\\\/de\\\/#organization\",\"name\":\"ATS - Impianti idraulici navali\",\"url\":\"https:\\\/\\\/atsyachtservice.com\\\/de\\\/\",\"logo\":{\"@type\":\"ImageObject\",\"inLanguage\":\"de-DE\",\"@id\":\"https:\\\/\\\/atsyachtservice.com\\\/de\\\/#\\\/schema\\\/logo\\\/image\\\/\",\"url\":\"https:\\\/\\\/atsyachtservice.com\\\/_mamawp\\\/wp-content\\\/uploads\\\/2022\\\/07\\\/logo.png\",\"contentUrl\":\"https:\\\/\\\/atsyachtservice.com\\\/_mamawp\\\/wp-content\\\/uploads\\\/2022\\\/07\\\/logo.png\",\"width\":174,\"height\":80,\"caption\":\"ATS - Impianti idraulici navali\"},\"image\":{\"@id\":\"https:\\\/\\\/atsyachtservice.com\\\/de\\\/#\\\/schema\\\/logo\\\/image\\\/\"},\"sameAs\":[\"https:\\\/\\\/www.facebook.com\\\/ATS-srl-265660544013092\\\/\",\"https:\\\/\\\/www.instagram.com\\\/ats_impianti_idraulici_navali\\\/\",\"https:\\\/\\\/www.youtube.com\\\/channel\\\/UCZuZipgV0kmNC3KD_CELB1w\",\"https:\\\/\\\/www.linkedin.com\\\/company\\\/ats-srl-impianti-idraulici-navali\\\/about\\\/\"]}]}<\/script>\n<!-- \/ Yoast SEO plugin. -->","yoast_head_json":{"title":"DAS UNTERNEHMEN - ATS","robots":{"index":"index","follow":"follow","max-snippet":"max-snippet:-1","max-image-preview":"max-image-preview:large","max-video-preview":"max-video-preview:-1"},"canonical":"https:\/\/atsyachtservice.com\/de\/das-unternehmen\/","og_locale":"de_DE","og_type":"article","og_title":"DAS UNTERNEHMEN - ATS","og_description":"ATS Srl wurde 2008 in Viareggio nach langj\u00e4hriger Erfahrung im Bereich der Schiffstechnik gegr\u00fcndet und hat sich auf den Bau von fluidtechnischen Anlagen (Hydraulik, Pneumatik, \u00d6lhydraulik) und Brandschutzanlagen spezialisiert. ATS srl kann auf eine Produktionsanlage mit 70 Einheiten z\u00e4hlen, die erlaubt, auch rasche und au\u00dferplanm\u00e4\u00dfige Arbeiten zu \u00fcbernehmen, ohne die laufenden Arbeiten zu vernachl\u00e4ssigen. Von &hellip;","og_url":"https:\/\/atsyachtservice.com\/de\/das-unternehmen\/","og_site_name":"ATS","article_publisher":"https:\/\/www.facebook.com\/ATS-srl-265660544013092\/","article_modified_time":"2024-07-16T13:56:02+00:00","twitter_card":"summary_large_image","twitter_misc":{"Est. reading time":"2 minutes"},"schema":{"@context":"https:\/\/schema.org","@graph":[{"@type":"WebPage","@id":"https:\/\/atsyachtservice.com\/de\/das-unternehmen\/","url":"https:\/\/atsyachtservice.com\/de\/das-unternehmen\/","name":"DAS UNTERNEHMEN - ATS","isPartOf":{"@id":"https:\/\/atsyachtservice.com\/de\/#website"},"datePublished":"2019-05-06T14:16:32+00:00","dateModified":"2024-07-16T13:56:02+00:00","breadcrumb":{"@id":"https:\/\/atsyachtservice.com\/de\/das-unternehmen\/#breadcrumb"},"inLanguage":"de-DE","potentialAction":[{"@type":"ReadAction","target":["https:\/\/atsyachtservice.com\/de\/das-unternehmen\/"]}]},{"@type":"BreadcrumbList","@id":"https:\/\/atsyachtservice.com\/de\/das-unternehmen\/#breadcrumb","itemListElement":[{"@type":"ListItem","position":1,"name":"Home","item":"https:\/\/atsyachtservice.com\/de\/"},{"@type":"ListItem","position":2,"name":"DAS UNTERNEHMEN"}]},{"@type":"WebSite","@id":"https:\/\/atsyachtservice.com\/de\/#website","url":"https:\/\/atsyachtservice.com\/de\/","name":"ATS","description":"SYST\u00c8MES HYDRAULIQUES NAVALS","publisher":{"@id":"https:\/\/atsyachtservice.com\/de\/#organization"},"potentialAction":[{"@type":"SearchAction","target":{"@type":"EntryPoint","urlTemplate":"https:\/\/atsyachtservice.com\/de\/?s={search_term_string}"},"query-input":{"@type":"PropertyValueSpecification","valueRequired":true,"valueName":"search_term_string"}}],"inLanguage":"de-DE"},{"@type":"Organization","@id":"https:\/\/atsyachtservice.com\/de\/#organization","name":"ATS - Impianti idraulici navali","url":"https:\/\/atsyachtservice.com\/de\/","logo":{"@type":"ImageObject","inLanguage":"de-DE","@id":"https:\/\/atsyachtservice.com\/de\/#\/schema\/logo\/image\/","url":"https:\/\/atsyachtservice.com\/_mamawp\/wp-content\/uploads\/2022\/07\/logo.png","contentUrl":"https:\/\/atsyachtservice.com\/_mamawp\/wp-content\/uploads\/2022\/07\/logo.png","width":174,"height":80,"caption":"ATS - Impianti idraulici navali"},"image":{"@id":"https:\/\/atsyachtservice.com\/de\/#\/schema\/logo\/image\/"},"sameAs":["https:\/\/www.facebook.com\/ATS-srl-265660544013092\/","https:\/\/www.instagram.com\/ats_impianti_idraulici_navali\/","https:\/\/www.youtube.com\/channel\/UCZuZipgV0kmNC3KD_CELB1w","https:\/\/www.linkedin.com\/company\/ats-srl-impianti-idraulici-navali\/about\/"]}]}},"_links":{"self":[{"href":"https:\/\/atsyachtservice.com\/de\/wp-json\/wp\/v2\/pages\/1544","targetHints":{"allow":["GET"]}}],"collection":[{"href":"https:\/\/atsyachtservice.com\/de\/wp-json\/wp\/v2\/pages"}],"about":[{"href":"https:\/\/atsyachtservice.com\/de\/wp-json\/wp\/v2\/types\/page"}],"author":[{"embeddable":true,"href":"https:\/\/atsyachtservice.com\/de\/wp-json\/wp\/v2\/users\/1"}],"replies":[{"embeddable":true,"href":"https:\/\/atsyachtservice.com\/de\/wp-json\/wp\/v2\/comments?post=1544"}],"version-history":[{"count":0,"href":"https:\/\/atsyachtservice.com\/de\/wp-json\/wp\/v2\/pages\/1544\/revisions"}],"wp:attachment":[{"href":"https:\/\/atsyachtservice.com\/de\/wp-json\/wp\/v2\/media?parent=1544"}],"curies":[{"name":"wp","href":"https:\/\/api.w.org\/{rel}","templated":true}]}}