{"id":1555,"date":"2019-05-13T15:31:17","date_gmt":"2019-05-13T13:31:17","guid":{"rendered":"http:\/\/atsyachtservice.com\/der-ats-service\/"},"modified":"2019-06-26T18:07:36","modified_gmt":"2019-06-26T16:07:36","slug":"der-ats-service","status":"publish","type":"page","link":"https:\/\/atsyachtservice.com\/de\/der-ats-service\/","title":{"rendered":"DER ATS-SERVICE"},"content":{"rendered":"<p>Unsere Arbeiten erstrecken sich auf die Bearbeitung von:<\/p>\n<ul>\n<li>Edelstahl 304 und 316 \u2013 Cu-Ni<\/li>\n<li>Aluminium-Eisen f\u00fcr \u00d6lhydraulik<\/li>\n<li>Schl\u00e4uche f\u00fcr Nieder\/Hochdruck<\/li>\n<li>Pressfitting-CO2 ASA 3000- Polypropylen-PVC-Mehrschichtmaterial<\/li>\n<\/ul>\n<p>&nbsp;<\/p>\n<p>Unsere Produkte zeichnen sich durch <strong>Qualit\u00e4t in der Fertigung <\/strong>und <strong>sehr hohe Zuverl\u00e4ssigkeit \u00fcber die Zeit <\/strong>aus, auch dank dem Einsatz innovativer Materialien und hochmoderner Bautechniken.<\/p>\n<p>Dieselbe Sorgfalt und Pr\u00e4zision verwenden wir auch auf die Ausf\u00fchrung des hy-draulischen Teils an den Verbrauchern der Kaj\u00fcten, die zus\u00e4tzlich zu den Motorger\u00e4ten auch die Installation aller anderen Anlagen und Leitungen an Bord, von der Klimaanlage \u00fcber die Brandschutzanlage zu der Montage der Sanit\u00e4ranlagen, Armaturen und Hydromassagebecken, betrifft.<\/p>\n","protected":false},"excerpt":{"rendered":"<p>Unsere Arbeiten erstrecken sich auf die Bearbeitung von: Edelstahl 304 und 316 \u2013 Cu-Ni Aluminium-Eisen f\u00fcr \u00d6lhydraulik Schl\u00e4uche f\u00fcr Nieder\/Hochdruck Pressfitting-CO2 ASA 3000- Polypropylen-PVC-Mehrschichtmaterial &nbsp; Unsere Produkte zeichnen sich durch Qualit\u00e4t in der Fertigung und sehr hohe Zuverl\u00e4ssigkeit \u00fcber die Zeit aus, auch dank dem Einsatz innovativer Materialien und hochmoderner Bautechniken. Dieselbe Sorgfalt und Pr\u00e4zision &hellip;<\/p>\n","protected":false},"author":1,"featured_media":2527,"parent":0,"menu_order":10,"comment_status":"closed","ping_status":"closed","template":"","meta":{"_acf_changed":false,"footnotes":""},"class_list":["post-1555","page","type-page","status-publish","has-post-thumbnail","hentry"],"acf":[],"yoast_head":"<!-- This site is optimized with the Yoast SEO plugin v27.4 - https:\/\/yoast.com\/product\/yoast-seo-wordpress\/ -->\n<title>DER ATS-SERVICE - ATS<\/title>\n<meta name=\"robots\" content=\"index, follow, max-snippet:-1, max-image-preview:large, max-video-preview:-1\" \/>\n<link rel=\"canonical\" href=\"https:\/\/atsyachtservice.com\/de\/der-ats-service\/\" \/>\n<meta property=\"og:locale\" content=\"de_DE\" \/>\n<meta property=\"og:type\" content=\"article\" \/>\n<meta property=\"og:title\" content=\"DER ATS-SERVICE - ATS\" \/>\n<meta property=\"og:description\" content=\"Unsere Arbeiten erstrecken sich auf die Bearbeitung von: Edelstahl 304 und 316 \u2013 Cu-Ni Aluminium-Eisen f\u00fcr \u00d6lhydraulik Schl\u00e4uche f\u00fcr Nieder\/Hochdruck Pressfitting-CO2 ASA 3000- Polypropylen-PVC-Mehrschichtmaterial &nbsp; Unsere Produkte zeichnen sich durch Qualit\u00e4t in der Fertigung und sehr hohe Zuverl\u00e4ssigkeit \u00fcber die Zeit aus, auch dank dem Einsatz innovativer Materialien und hochmoderner Bautechniken. Dieselbe Sorgfalt und Pr\u00e4zision &hellip;\" \/>\n<meta property=\"og:url\" content=\"https:\/\/atsyachtservice.com\/de\/der-ats-service\/\" \/>\n<meta property=\"og:site_name\" content=\"ATS\" \/>\n<meta property=\"article:publisher\" content=\"https:\/\/www.facebook.com\/ATS-srl-265660544013092\/\" \/>\n<meta property=\"article:modified_time\" content=\"2019-06-26T16:07:36+00:00\" \/>\n<meta property=\"og:image\" content=\"https:\/\/atsyachtservice.com\/_mamawp\/wp-content\/uploads\/2018\/05\/officina.jpg\" \/>\n\t<meta property=\"og:image:width\" content=\"1036\" \/>\n\t<meta property=\"og:image:height\" content=\"573\" \/>\n\t<meta property=\"og:image:type\" content=\"image\/jpeg\" \/>\n<meta name=\"twitter:card\" content=\"summary_large_image\" \/>\n<meta name=\"twitter:label1\" content=\"Est. reading time\" \/>\n\t<meta name=\"twitter:data1\" content=\"1 minute\" \/>\n<script type=\"application\/ld+json\" class=\"yoast-schema-graph\">{\"@context\":\"https:\\\/\\\/schema.org\",\"@graph\":[{\"@type\":\"WebPage\",\"@id\":\"https:\\\/\\\/atsyachtservice.com\\\/de\\\/der-ats-service\\\/\",\"url\":\"https:\\\/\\\/atsyachtservice.com\\\/de\\\/der-ats-service\\\/\",\"name\":\"DER ATS-SERVICE - ATS\",\"isPartOf\":{\"@id\":\"https:\\\/\\\/atsyachtservice.com\\\/de\\\/#website\"},\"primaryImageOfPage\":{\"@id\":\"https:\\\/\\\/atsyachtservice.com\\\/de\\\/der-ats-service\\\/#primaryimage\"},\"image\":{\"@id\":\"https:\\\/\\\/atsyachtservice.com\\\/de\\\/der-ats-service\\\/#primaryimage\"},\"thumbnailUrl\":\"https:\\\/\\\/atsyachtservice.com\\\/_mamawp\\\/wp-content\\\/uploads\\\/2024\\\/07\\\/Homepage2-scaled.jpg\",\"datePublished\":\"2019-05-13T13:31:17+00:00\",\"dateModified\":\"2019-06-26T16:07:36+00:00\",\"breadcrumb\":{\"@id\":\"https:\\\/\\\/atsyachtservice.com\\\/de\\\/der-ats-service\\\/#breadcrumb\"},\"inLanguage\":\"de-DE\",\"potentialAction\":[{\"@type\":\"ReadAction\",\"target\":[\"https:\\\/\\\/atsyachtservice.com\\\/de\\\/der-ats-service\\\/\"]}]},{\"@type\":\"ImageObject\",\"inLanguage\":\"de-DE\",\"@id\":\"https:\\\/\\\/atsyachtservice.com\\\/de\\\/der-ats-service\\\/#primaryimage\",\"url\":\"https:\\\/\\\/atsyachtservice.com\\\/_mamawp\\\/wp-content\\\/uploads\\\/2024\\\/07\\\/Homepage2-scaled.jpg\",\"contentUrl\":\"https:\\\/\\\/atsyachtservice.com\\\/_mamawp\\\/wp-content\\\/uploads\\\/2024\\\/07\\\/Homepage2-scaled.jpg\",\"width\":2560,\"height\":1736},{\"@type\":\"BreadcrumbList\",\"@id\":\"https:\\\/\\\/atsyachtservice.com\\\/de\\\/der-ats-service\\\/#breadcrumb\",\"itemListElement\":[{\"@type\":\"ListItem\",\"position\":1,\"name\":\"Home\",\"item\":\"https:\\\/\\\/atsyachtservice.com\\\/de\\\/\"},{\"@type\":\"ListItem\",\"position\":2,\"name\":\"DER ATS-SERVICE\"}]},{\"@type\":\"WebSite\",\"@id\":\"https:\\\/\\\/atsyachtservice.com\\\/de\\\/#website\",\"url\":\"https:\\\/\\\/atsyachtservice.com\\\/de\\\/\",\"name\":\"ATS\",\"description\":\"SYST\u00c8MES HYDRAULIQUES NAVALS\",\"publisher\":{\"@id\":\"https:\\\/\\\/atsyachtservice.com\\\/de\\\/#organization\"},\"potentialAction\":[{\"@type\":\"SearchAction\",\"target\":{\"@type\":\"EntryPoint\",\"urlTemplate\":\"https:\\\/\\\/atsyachtservice.com\\\/de\\\/?s={search_term_string}\"},\"query-input\":{\"@type\":\"PropertyValueSpecification\",\"valueRequired\":true,\"valueName\":\"search_term_string\"}}],\"inLanguage\":\"de-DE\"},{\"@type\":\"Organization\",\"@id\":\"https:\\\/\\\/atsyachtservice.com\\\/de\\\/#organization\",\"name\":\"ATS - Impianti idraulici navali\",\"url\":\"https:\\\/\\\/atsyachtservice.com\\\/de\\\/\",\"logo\":{\"@type\":\"ImageObject\",\"inLanguage\":\"de-DE\",\"@id\":\"https:\\\/\\\/atsyachtservice.com\\\/de\\\/#\\\/schema\\\/logo\\\/image\\\/\",\"url\":\"https:\\\/\\\/atsyachtservice.com\\\/_mamawp\\\/wp-content\\\/uploads\\\/2022\\\/07\\\/logo.png\",\"contentUrl\":\"https:\\\/\\\/atsyachtservice.com\\\/_mamawp\\\/wp-content\\\/uploads\\\/2022\\\/07\\\/logo.png\",\"width\":174,\"height\":80,\"caption\":\"ATS - Impianti idraulici navali\"},\"image\":{\"@id\":\"https:\\\/\\\/atsyachtservice.com\\\/de\\\/#\\\/schema\\\/logo\\\/image\\\/\"},\"sameAs\":[\"https:\\\/\\\/www.facebook.com\\\/ATS-srl-265660544013092\\\/\",\"https:\\\/\\\/www.instagram.com\\\/ats_impianti_idraulici_navali\\\/\",\"https:\\\/\\\/www.youtube.com\\\/channel\\\/UCZuZipgV0kmNC3KD_CELB1w\",\"https:\\\/\\\/www.linkedin.com\\\/company\\\/ats-srl-impianti-idraulici-navali\\\/about\\\/\"]}]}<\/script>\n<!-- \/ Yoast SEO plugin. -->","yoast_head_json":{"title":"DER ATS-SERVICE - ATS","robots":{"index":"index","follow":"follow","max-snippet":"max-snippet:-1","max-image-preview":"max-image-preview:large","max-video-preview":"max-video-preview:-1"},"canonical":"https:\/\/atsyachtservice.com\/de\/der-ats-service\/","og_locale":"de_DE","og_type":"article","og_title":"DER ATS-SERVICE - ATS","og_description":"Unsere Arbeiten erstrecken sich auf die Bearbeitung von: Edelstahl 304 und 316 \u2013 Cu-Ni Aluminium-Eisen f\u00fcr \u00d6lhydraulik Schl\u00e4uche f\u00fcr Nieder\/Hochdruck Pressfitting-CO2 ASA 3000- Polypropylen-PVC-Mehrschichtmaterial &nbsp; Unsere Produkte zeichnen sich durch Qualit\u00e4t in der Fertigung und sehr hohe Zuverl\u00e4ssigkeit \u00fcber die Zeit aus, auch dank dem Einsatz innovativer Materialien und hochmoderner Bautechniken. Dieselbe Sorgfalt und Pr\u00e4zision &hellip;","og_url":"https:\/\/atsyachtservice.com\/de\/der-ats-service\/","og_site_name":"ATS","article_publisher":"https:\/\/www.facebook.com\/ATS-srl-265660544013092\/","article_modified_time":"2019-06-26T16:07:36+00:00","og_image":[{"width":1036,"height":573,"url":"https:\/\/atsyachtservice.com\/_mamawp\/wp-content\/uploads\/2018\/05\/officina.jpg","type":"image\/jpeg"}],"twitter_card":"summary_large_image","twitter_misc":{"Est. reading time":"1 minute"},"schema":{"@context":"https:\/\/schema.org","@graph":[{"@type":"WebPage","@id":"https:\/\/atsyachtservice.com\/de\/der-ats-service\/","url":"https:\/\/atsyachtservice.com\/de\/der-ats-service\/","name":"DER ATS-SERVICE - ATS","isPartOf":{"@id":"https:\/\/atsyachtservice.com\/de\/#website"},"primaryImageOfPage":{"@id":"https:\/\/atsyachtservice.com\/de\/der-ats-service\/#primaryimage"},"image":{"@id":"https:\/\/atsyachtservice.com\/de\/der-ats-service\/#primaryimage"},"thumbnailUrl":"https:\/\/atsyachtservice.com\/_mamawp\/wp-content\/uploads\/2024\/07\/Homepage2-scaled.jpg","datePublished":"2019-05-13T13:31:17+00:00","dateModified":"2019-06-26T16:07:36+00:00","breadcrumb":{"@id":"https:\/\/atsyachtservice.com\/de\/der-ats-service\/#breadcrumb"},"inLanguage":"de-DE","potentialAction":[{"@type":"ReadAction","target":["https:\/\/atsyachtservice.com\/de\/der-ats-service\/"]}]},{"@type":"ImageObject","inLanguage":"de-DE","@id":"https:\/\/atsyachtservice.com\/de\/der-ats-service\/#primaryimage","url":"https:\/\/atsyachtservice.com\/_mamawp\/wp-content\/uploads\/2024\/07\/Homepage2-scaled.jpg","contentUrl":"https:\/\/atsyachtservice.com\/_mamawp\/wp-content\/uploads\/2024\/07\/Homepage2-scaled.jpg","width":2560,"height":1736},{"@type":"BreadcrumbList","@id":"https:\/\/atsyachtservice.com\/de\/der-ats-service\/#breadcrumb","itemListElement":[{"@type":"ListItem","position":1,"name":"Home","item":"https:\/\/atsyachtservice.com\/de\/"},{"@type":"ListItem","position":2,"name":"DER ATS-SERVICE"}]},{"@type":"WebSite","@id":"https:\/\/atsyachtservice.com\/de\/#website","url":"https:\/\/atsyachtservice.com\/de\/","name":"ATS","description":"SYST\u00c8MES HYDRAULIQUES NAVALS","publisher":{"@id":"https:\/\/atsyachtservice.com\/de\/#organization"},"potentialAction":[{"@type":"SearchAction","target":{"@type":"EntryPoint","urlTemplate":"https:\/\/atsyachtservice.com\/de\/?s={search_term_string}"},"query-input":{"@type":"PropertyValueSpecification","valueRequired":true,"valueName":"search_term_string"}}],"inLanguage":"de-DE"},{"@type":"Organization","@id":"https:\/\/atsyachtservice.com\/de\/#organization","name":"ATS - Impianti idraulici navali","url":"https:\/\/atsyachtservice.com\/de\/","logo":{"@type":"ImageObject","inLanguage":"de-DE","@id":"https:\/\/atsyachtservice.com\/de\/#\/schema\/logo\/image\/","url":"https:\/\/atsyachtservice.com\/_mamawp\/wp-content\/uploads\/2022\/07\/logo.png","contentUrl":"https:\/\/atsyachtservice.com\/_mamawp\/wp-content\/uploads\/2022\/07\/logo.png","width":174,"height":80,"caption":"ATS - Impianti idraulici navali"},"image":{"@id":"https:\/\/atsyachtservice.com\/de\/#\/schema\/logo\/image\/"},"sameAs":["https:\/\/www.facebook.com\/ATS-srl-265660544013092\/","https:\/\/www.instagram.com\/ats_impianti_idraulici_navali\/","https:\/\/www.youtube.com\/channel\/UCZuZipgV0kmNC3KD_CELB1w","https:\/\/www.linkedin.com\/company\/ats-srl-impianti-idraulici-navali\/about\/"]}]}},"_links":{"self":[{"href":"https:\/\/atsyachtservice.com\/de\/wp-json\/wp\/v2\/pages\/1555","targetHints":{"allow":["GET"]}}],"collection":[{"href":"https:\/\/atsyachtservice.com\/de\/wp-json\/wp\/v2\/pages"}],"about":[{"href":"https:\/\/atsyachtservice.com\/de\/wp-json\/wp\/v2\/types\/page"}],"author":[{"embeddable":true,"href":"https:\/\/atsyachtservice.com\/de\/wp-json\/wp\/v2\/users\/1"}],"replies":[{"embeddable":true,"href":"https:\/\/atsyachtservice.com\/de\/wp-json\/wp\/v2\/comments?post=1555"}],"version-history":[{"count":0,"href":"https:\/\/atsyachtservice.com\/de\/wp-json\/wp\/v2\/pages\/1555\/revisions"}],"wp:featuredmedia":[{"embeddable":true,"href":"https:\/\/atsyachtservice.com\/de\/wp-json\/wp\/v2\/media\/2527"}],"wp:attachment":[{"href":"https:\/\/atsyachtservice.com\/de\/wp-json\/wp\/v2\/media?parent=1555"}],"curies":[{"name":"wp","href":"https:\/\/api.w.org\/{rel}","templated":true}]}}