{"id":961,"date":"2018-05-14T11:09:31","date_gmt":"2018-05-14T09:09:31","guid":{"rendered":"http:\/\/atsyachtservice.com\/i-servizi-di-ats\/"},"modified":"2018-05-14T12:31:51","modified_gmt":"2018-05-14T10:31:51","slug":"nuestros-servicios-2","status":"publish","type":"page","link":"https:\/\/atsyachtservice.com\/es\/nuestros-servicios-2\/","title":{"rendered":"Nuestros Servicios"},"content":{"rendered":"<p>Nuestros trabajos incluyen los procesos de:<\/p>\n<ul>\n<li>Acero inoxidable tipo 304 y 316 Cu-Ni<\/li>\n<li>Hierro Hidr\u00e1ulico y Aluminio<\/li>\n<li>Tuber\u00edas flexibles para alta y baja presi\u00f3n<\/li>\n<li>Pvc Polipropileno Multicapa pressfitting \u2013 CO2 ASA 300<\/li>\n<\/ul>\n<p>Nuestros productos se distinguen por la <strong>calidad de construcci\u00f2n y alt\u00edsima fiabilidad en el tiempo<\/strong>, gracias tambi\u00e9n al uso de materiales innovadores y t\u00e9cnicas de construcci\u00f3n de vanguardia.<\/p>\n<p>Ponemos el mismo cuidado y precisi\u00f3n tambi\u00e9n en la realizaci\u00f2n de la parte hidr\u00e1ulica destinada a los alojamientos, que, adem\u00e1s de \u00a0los aparatos motores que nos ven involucrados en la instalaci\u00f3n de todas las otras lineas existentes en barco, empezando desde el aire acondicionado pasando por el sistema de incendios y acabando por la instaci\u00f2n de \u00a0sanitarios, grifos y ba\u00f1eras de hidromasaje.<\/p>\n","protected":false},"excerpt":{"rendered":"<p>Nuestros trabajos incluyen los procesos de: Acero inoxidable tipo 304 y 316 Cu-Ni Hierro Hidr\u00e1ulico y Aluminio Tuber\u00edas flexibles para alta y baja presi\u00f3n Pvc Polipropileno Multicapa pressfitting \u2013 CO2 ASA 300 Nuestros productos se distinguen por la calidad de construcci\u00f2n y alt\u00edsima fiabilidad en el tiempo, gracias tambi\u00e9n al uso de materiales innovadores y &hellip;<\/p>\n","protected":false},"author":1,"featured_media":2528,"parent":0,"menu_order":10,"comment_status":"closed","ping_status":"closed","template":"","meta":{"_acf_changed":false,"footnotes":""},"class_list":["post-961","page","type-page","status-publish","has-post-thumbnail","hentry"],"acf":[],"yoast_head":"<!-- This site is optimized with the Yoast SEO plugin v27.4 - https:\/\/yoast.com\/product\/yoast-seo-wordpress\/ -->\n<title>Nuestros Servicios - ATS<\/title>\n<meta name=\"robots\" content=\"index, follow, max-snippet:-1, max-image-preview:large, max-video-preview:-1\" \/>\n<link rel=\"canonical\" href=\"https:\/\/atsyachtservice.com\/es\/nuestros-servicios-2\/\" \/>\n<meta property=\"og:locale\" content=\"es_ES\" \/>\n<meta property=\"og:type\" content=\"article\" \/>\n<meta property=\"og:title\" content=\"Nuestros Servicios - ATS\" \/>\n<meta property=\"og:description\" content=\"Nuestros trabajos incluyen los procesos de: Acero inoxidable tipo 304 y 316 Cu-Ni Hierro Hidr\u00e1ulico y Aluminio Tuber\u00edas flexibles para alta y baja presi\u00f3n Pvc Polipropileno Multicapa pressfitting \u2013 CO2 ASA 300 Nuestros productos se distinguen por la calidad de construcci\u00f2n y alt\u00edsima fiabilidad en el tiempo, gracias tambi\u00e9n al uso de materiales innovadores y &hellip;\" \/>\n<meta property=\"og:url\" content=\"https:\/\/atsyachtservice.com\/es\/nuestros-servicios-2\/\" \/>\n<meta property=\"og:site_name\" content=\"ATS\" \/>\n<meta property=\"article:publisher\" content=\"https:\/\/www.facebook.com\/ATS-srl-265660544013092\/\" \/>\n<meta property=\"article:modified_time\" content=\"2018-05-14T10:31:51+00:00\" \/>\n<meta property=\"og:image\" content=\"https:\/\/atsyachtservice.com\/_mamawp\/wp-content\/uploads\/2018\/05\/officina.jpg\" \/>\n\t<meta property=\"og:image:width\" content=\"1036\" \/>\n\t<meta property=\"og:image:height\" content=\"573\" \/>\n\t<meta property=\"og:image:type\" content=\"image\/jpeg\" \/>\n<meta name=\"twitter:card\" content=\"summary_large_image\" \/>\n<meta name=\"twitter:label1\" content=\"Tiempo de lectura\" \/>\n\t<meta name=\"twitter:data1\" content=\"1 minuto\" \/>\n<script type=\"application\/ld+json\" class=\"yoast-schema-graph\">{\"@context\":\"https:\\\/\\\/schema.org\",\"@graph\":[{\"@type\":\"WebPage\",\"@id\":\"https:\\\/\\\/atsyachtservice.com\\\/es\\\/nuestros-servicios-2\\\/\",\"url\":\"https:\\\/\\\/atsyachtservice.com\\\/es\\\/nuestros-servicios-2\\\/\",\"name\":\"Nuestros Servicios - ATS\",\"isPartOf\":{\"@id\":\"https:\\\/\\\/atsyachtservice.com\\\/es\\\/#website\"},\"primaryImageOfPage\":{\"@id\":\"https:\\\/\\\/atsyachtservice.com\\\/es\\\/nuestros-servicios-2\\\/#primaryimage\"},\"image\":{\"@id\":\"https:\\\/\\\/atsyachtservice.com\\\/es\\\/nuestros-servicios-2\\\/#primaryimage\"},\"thumbnailUrl\":\"https:\\\/\\\/atsyachtservice.com\\\/_mamawp\\\/wp-content\\\/uploads\\\/2024\\\/07\\\/Homepage2-scaled.jpg\",\"datePublished\":\"2018-05-14T09:09:31+00:00\",\"dateModified\":\"2018-05-14T10:31:51+00:00\",\"breadcrumb\":{\"@id\":\"https:\\\/\\\/atsyachtservice.com\\\/es\\\/nuestros-servicios-2\\\/#breadcrumb\"},\"inLanguage\":\"es\",\"potentialAction\":[{\"@type\":\"ReadAction\",\"target\":[\"https:\\\/\\\/atsyachtservice.com\\\/es\\\/nuestros-servicios-2\\\/\"]}]},{\"@type\":\"ImageObject\",\"inLanguage\":\"es\",\"@id\":\"https:\\\/\\\/atsyachtservice.com\\\/es\\\/nuestros-servicios-2\\\/#primaryimage\",\"url\":\"https:\\\/\\\/atsyachtservice.com\\\/_mamawp\\\/wp-content\\\/uploads\\\/2024\\\/07\\\/Homepage2-scaled.jpg\",\"contentUrl\":\"https:\\\/\\\/atsyachtservice.com\\\/_mamawp\\\/wp-content\\\/uploads\\\/2024\\\/07\\\/Homepage2-scaled.jpg\",\"width\":2560,\"height\":1736},{\"@type\":\"BreadcrumbList\",\"@id\":\"https:\\\/\\\/atsyachtservice.com\\\/es\\\/nuestros-servicios-2\\\/#breadcrumb\",\"itemListElement\":[{\"@type\":\"ListItem\",\"position\":1,\"name\":\"Home\",\"item\":\"https:\\\/\\\/atsyachtservice.com\\\/es\\\/\"},{\"@type\":\"ListItem\",\"position\":2,\"name\":\"Nuestros Servicios\"}]},{\"@type\":\"WebSite\",\"@id\":\"https:\\\/\\\/atsyachtservice.com\\\/es\\\/#website\",\"url\":\"https:\\\/\\\/atsyachtservice.com\\\/es\\\/\",\"name\":\"ATS\",\"description\":\"SYST\u00c8MES HYDRAULIQUES NAVALS\",\"publisher\":{\"@id\":\"https:\\\/\\\/atsyachtservice.com\\\/es\\\/#organization\"},\"potentialAction\":[{\"@type\":\"SearchAction\",\"target\":{\"@type\":\"EntryPoint\",\"urlTemplate\":\"https:\\\/\\\/atsyachtservice.com\\\/es\\\/?s={search_term_string}\"},\"query-input\":{\"@type\":\"PropertyValueSpecification\",\"valueRequired\":true,\"valueName\":\"search_term_string\"}}],\"inLanguage\":\"es\"},{\"@type\":\"Organization\",\"@id\":\"https:\\\/\\\/atsyachtservice.com\\\/es\\\/#organization\",\"name\":\"ATS - Impianti idraulici navali\",\"url\":\"https:\\\/\\\/atsyachtservice.com\\\/es\\\/\",\"logo\":{\"@type\":\"ImageObject\",\"inLanguage\":\"es\",\"@id\":\"https:\\\/\\\/atsyachtservice.com\\\/es\\\/#\\\/schema\\\/logo\\\/image\\\/\",\"url\":\"https:\\\/\\\/atsyachtservice.com\\\/_mamawp\\\/wp-content\\\/uploads\\\/2022\\\/07\\\/logo.png\",\"contentUrl\":\"https:\\\/\\\/atsyachtservice.com\\\/_mamawp\\\/wp-content\\\/uploads\\\/2022\\\/07\\\/logo.png\",\"width\":174,\"height\":80,\"caption\":\"ATS - Impianti idraulici navali\"},\"image\":{\"@id\":\"https:\\\/\\\/atsyachtservice.com\\\/es\\\/#\\\/schema\\\/logo\\\/image\\\/\"},\"sameAs\":[\"https:\\\/\\\/www.facebook.com\\\/ATS-srl-265660544013092\\\/\",\"https:\\\/\\\/www.instagram.com\\\/ats_impianti_idraulici_navali\\\/\",\"https:\\\/\\\/www.youtube.com\\\/channel\\\/UCZuZipgV0kmNC3KD_CELB1w\",\"https:\\\/\\\/www.linkedin.com\\\/company\\\/ats-srl-impianti-idraulici-navali\\\/about\\\/\"]}]}<\/script>\n<!-- \/ Yoast SEO plugin. -->","yoast_head_json":{"title":"Nuestros Servicios - ATS","robots":{"index":"index","follow":"follow","max-snippet":"max-snippet:-1","max-image-preview":"max-image-preview:large","max-video-preview":"max-video-preview:-1"},"canonical":"https:\/\/atsyachtservice.com\/es\/nuestros-servicios-2\/","og_locale":"es_ES","og_type":"article","og_title":"Nuestros Servicios - ATS","og_description":"Nuestros trabajos incluyen los procesos de: Acero inoxidable tipo 304 y 316 Cu-Ni Hierro Hidr\u00e1ulico y Aluminio Tuber\u00edas flexibles para alta y baja presi\u00f3n Pvc Polipropileno Multicapa pressfitting \u2013 CO2 ASA 300 Nuestros productos se distinguen por la calidad de construcci\u00f2n y alt\u00edsima fiabilidad en el tiempo, gracias tambi\u00e9n al uso de materiales innovadores y &hellip;","og_url":"https:\/\/atsyachtservice.com\/es\/nuestros-servicios-2\/","og_site_name":"ATS","article_publisher":"https:\/\/www.facebook.com\/ATS-srl-265660544013092\/","article_modified_time":"2018-05-14T10:31:51+00:00","og_image":[{"width":1036,"height":573,"url":"https:\/\/atsyachtservice.com\/_mamawp\/wp-content\/uploads\/2018\/05\/officina.jpg","type":"image\/jpeg"}],"twitter_card":"summary_large_image","twitter_misc":{"Tiempo de lectura":"1 minuto"},"schema":{"@context":"https:\/\/schema.org","@graph":[{"@type":"WebPage","@id":"https:\/\/atsyachtservice.com\/es\/nuestros-servicios-2\/","url":"https:\/\/atsyachtservice.com\/es\/nuestros-servicios-2\/","name":"Nuestros Servicios - ATS","isPartOf":{"@id":"https:\/\/atsyachtservice.com\/es\/#website"},"primaryImageOfPage":{"@id":"https:\/\/atsyachtservice.com\/es\/nuestros-servicios-2\/#primaryimage"},"image":{"@id":"https:\/\/atsyachtservice.com\/es\/nuestros-servicios-2\/#primaryimage"},"thumbnailUrl":"https:\/\/atsyachtservice.com\/_mamawp\/wp-content\/uploads\/2024\/07\/Homepage2-scaled.jpg","datePublished":"2018-05-14T09:09:31+00:00","dateModified":"2018-05-14T10:31:51+00:00","breadcrumb":{"@id":"https:\/\/atsyachtservice.com\/es\/nuestros-servicios-2\/#breadcrumb"},"inLanguage":"es","potentialAction":[{"@type":"ReadAction","target":["https:\/\/atsyachtservice.com\/es\/nuestros-servicios-2\/"]}]},{"@type":"ImageObject","inLanguage":"es","@id":"https:\/\/atsyachtservice.com\/es\/nuestros-servicios-2\/#primaryimage","url":"https:\/\/atsyachtservice.com\/_mamawp\/wp-content\/uploads\/2024\/07\/Homepage2-scaled.jpg","contentUrl":"https:\/\/atsyachtservice.com\/_mamawp\/wp-content\/uploads\/2024\/07\/Homepage2-scaled.jpg","width":2560,"height":1736},{"@type":"BreadcrumbList","@id":"https:\/\/atsyachtservice.com\/es\/nuestros-servicios-2\/#breadcrumb","itemListElement":[{"@type":"ListItem","position":1,"name":"Home","item":"https:\/\/atsyachtservice.com\/es\/"},{"@type":"ListItem","position":2,"name":"Nuestros Servicios"}]},{"@type":"WebSite","@id":"https:\/\/atsyachtservice.com\/es\/#website","url":"https:\/\/atsyachtservice.com\/es\/","name":"ATS","description":"SYST\u00c8MES HYDRAULIQUES NAVALS","publisher":{"@id":"https:\/\/atsyachtservice.com\/es\/#organization"},"potentialAction":[{"@type":"SearchAction","target":{"@type":"EntryPoint","urlTemplate":"https:\/\/atsyachtservice.com\/es\/?s={search_term_string}"},"query-input":{"@type":"PropertyValueSpecification","valueRequired":true,"valueName":"search_term_string"}}],"inLanguage":"es"},{"@type":"Organization","@id":"https:\/\/atsyachtservice.com\/es\/#organization","name":"ATS - Impianti idraulici navali","url":"https:\/\/atsyachtservice.com\/es\/","logo":{"@type":"ImageObject","inLanguage":"es","@id":"https:\/\/atsyachtservice.com\/es\/#\/schema\/logo\/image\/","url":"https:\/\/atsyachtservice.com\/_mamawp\/wp-content\/uploads\/2022\/07\/logo.png","contentUrl":"https:\/\/atsyachtservice.com\/_mamawp\/wp-content\/uploads\/2022\/07\/logo.png","width":174,"height":80,"caption":"ATS - Impianti idraulici navali"},"image":{"@id":"https:\/\/atsyachtservice.com\/es\/#\/schema\/logo\/image\/"},"sameAs":["https:\/\/www.facebook.com\/ATS-srl-265660544013092\/","https:\/\/www.instagram.com\/ats_impianti_idraulici_navali\/","https:\/\/www.youtube.com\/channel\/UCZuZipgV0kmNC3KD_CELB1w","https:\/\/www.linkedin.com\/company\/ats-srl-impianti-idraulici-navali\/about\/"]}]}},"_links":{"self":[{"href":"https:\/\/atsyachtservice.com\/es\/wp-json\/wp\/v2\/pages\/961","targetHints":{"allow":["GET"]}}],"collection":[{"href":"https:\/\/atsyachtservice.com\/es\/wp-json\/wp\/v2\/pages"}],"about":[{"href":"https:\/\/atsyachtservice.com\/es\/wp-json\/wp\/v2\/types\/page"}],"author":[{"embeddable":true,"href":"https:\/\/atsyachtservice.com\/es\/wp-json\/wp\/v2\/users\/1"}],"replies":[{"embeddable":true,"href":"https:\/\/atsyachtservice.com\/es\/wp-json\/wp\/v2\/comments?post=961"}],"version-history":[{"count":0,"href":"https:\/\/atsyachtservice.com\/es\/wp-json\/wp\/v2\/pages\/961\/revisions"}],"wp:featuredmedia":[{"embeddable":true,"href":"https:\/\/atsyachtservice.com\/es\/wp-json\/wp\/v2\/media\/2528"}],"wp:attachment":[{"href":"https:\/\/atsyachtservice.com\/es\/wp-json\/wp\/v2\/media?parent=961"}],"curies":[{"name":"wp","href":"https:\/\/api.w.org\/{rel}","templated":true}]}}