{"id":2097,"date":"2018-05-09T16:36:16","date_gmt":"2018-05-09T14:36:16","guid":{"rendered":"https:\/\/atsyachtservice.com\/privacy\/"},"modified":"2024-01-30T11:07:13","modified_gmt":"2024-01-30T10:07:13","slug":"privacy","status":"publish","type":"page","link":"https:\/\/atsyachtservice.com\/fr\/privacy\/","title":{"rendered":"privacy"},"content":{"rendered":"<h1>Privacy Policy e trattamento dei dati personali<\/h1>\n<table>\n<tbody>\n<tr>\n<td valign=\"top\">Informativa resa ai sensi dell\u2019articolo 13 del D.lgs. n.196\/2003 ai visitatori del sito Internet ATS srl e fruitori dei servizi offerti dallo stesso, a partire dall\u2019indirizzo\u00a0http:\/\/www.atsyachtservice.com\/\u00a0, con l\u2019esclusione dei link esterni.I dati raccolti attraverso questo sito si dividono in:<strong>Dati di navigazione<\/strong><br \/>\n In questa categoria di dati rientrano gli indirizzi IP o i nomi a dominio dei computer utilizzati dagli utenti che si connettono al sito, gli indirizzi in notazione URI (Uniform Resource Identifier) delle risorse richieste, ed altri parametri connessi al protocollo http e relativi al sistema operativo e all\u2019ambiente informatico dell\u2019utente. Questi dati vengono utilizzati al solo fine di ricavare informazioni statistiche anonime sull\u2019uso del sito e per controllarne il corretto funzionamento e vengono cancellati immediatamente dopo l\u2019elaborazione. I dati potrebbero essere utilizzati per l\u2019accertamento di responsabilit\u00e0 in caso di ipotetici reati informatici ai danni del sito: salva questa eventualit\u00e0, allo stato i dati sui contatti web non persistono per pi\u00f9 di sette giorni.<\/p>\n<p><strong>Dati forniti volontariamente dall\u2019utente<\/strong><br \/>\n L\u2019invio facoltativo, esplicito e volontario di posta elettronica agli indirizzi indicati su questo sito comporta la successiva acquisizione dell\u2019indirizzo del mittente, necessario per rispondere alle richieste, nonch\u00e9 degli eventuali altri dati personali inseriti nella missiva.<\/p>\n<p><strong>Cookies<\/strong><br \/>\n Nessun dato personale degli utenti viene in proposito acquisito dal sito. Non viene fatto uso di cookies per la trasmissione di informazioni di carattere personale, n\u00e9 vengono utilizzati c.d. cookies persistenti di alcun tipo, ovvero sistemi per il tracciamento degli utenti.<br \/>\n Ricordiamo che l\u2019utente, tramite configurazione del proprio browser pu\u00f2 in qualsiasi momento disabilitare l\u2019operativit\u00e0 dei cookie o essere informato nel momento in cui riceve il cookies e negare il consenso all\u2019invio.<\/p>\n<p>Fatta eccezione per i dati raccolti automaticamente (dati di navigazione), il conferimento di altre informazioni attraverso moduli predisposti o email \u00e8 libero e spontaneo ed il mancato invio pu\u00f2 comportare solo una mancata soddisfazione di eventuali richieste.<\/p>\n<p>Il luogo di conservazione dei dati \u00e8 il Server del provider che ospita il sito www.atsyachtservice.com per i soli dati di navigazione e gli elaboratori presso la sede dell\u2019ATS srl \u00a0per le altre comunicazioni, ad eccezione dei cookies che sono immagazzinati nei vostri computer.<\/p>\n<p>Il titolare del trattamento \u00e8 dell\u2019ATS srl Ai sensi dell\u2019Art.7 del DL 196\/03 che vi riproduciamo integralmente.<\/p>\n<p>Decreto Legislativo n.196\/2003, Art. 7 \u2013 Diritto di accesso ai dati personali ed altri diritti.<\/p>\n<p>1. L\u2019interessato ha diritto di ottenere la conferma dell\u2019esistenza o meno di dati personali che lo riguardano, anche se non ancora registrati, e la loro comunicazione in forma intelligibile<br \/>\n 2. L\u2019interessato ha diritto di ottenere l\u2019indicazione:<\/p>\n<p>a. dell\u2019origine dei dati personali;<br \/>\n b. delle finalit\u00e0 e modalit\u00e0 del trattamento;<br \/>\n c. della logica applicata in caso di trattamento effettuato con l\u2019ausilio di strumenti elettronici;<br \/>\n d. degli estremi identificativi del titolare, dei responsabili e del rappresentante designato ai sensi dell\u2019articolo 5, comma 2;<br \/>\n e. dei soggetti o delle categorie di soggetti ai quali i dati personali possono essere comunicati o che possono venirne a conoscenza in qualit\u00e0 di rappresentante designato nel territorio dello Stato, di responsabili o incaricati.<\/p>\n<p>3. L\u2019interessato ha diritto di ottenere:<\/p>\n<p>a. l\u2019aggiornamento, la rettificazione ovvero, quando vi ha interesse, l\u2019integrazione dei dati;<br \/>\n b. la cancellazione, la trasformazione in forma anonima o il blocco dei dati trattati in violazione di legge, compresi quelli di cui non \u00e8 necessaria la conservazione in relazione agli scopi per i quali i dati sono stati raccolti o successivamente trattati;<br \/>\n c. l\u2019attestazione che le operazioni di cui alle lettere a) e b) sono state portate a conoscenza, anche per quanto riguarda il loro contenuto, di coloro ai quali i dati sono stati comunicati o diffusi, eccettuato il caso in cui tale adempimento si rivela impossibile o comporta un impiego di mezzi manifestamente sproporzionato rispetto al diritto tutelato.<\/p>\n<p>4. L\u2019interessato ha diritto di opporsi, in tutto o in parte:<\/p>\n<p>a. per motivi legittimi al trattamento dei dati personali che lo riguardano, ancorch\u00e9 pertinenti allo scopo della raccolta;<br \/>\n b. al trattamento di dati personali che lo riguardano a fini di invio di materiale pubblicitario o di vendita diretta o per il compimento di ricerche di mercato o di comunicazione commerciale.<\/p>\n<\/td>\n<\/tr>\n<\/tbody>\n<\/table>\n","protected":false},"excerpt":{"rendered":"<p>Privacy Policy e trattamento dei dati personali Informativa resa ai sensi dell\u2019articolo 13 del D.lgs. n.196\/2003 ai visitatori del sito Internet ATS srl e fruitori dei servizi offerti dallo stesso, a partire dall\u2019indirizzo\u00a0http:\/\/www.atsyachtservice.com\/\u00a0, con l\u2019esclusione dei link esterni.I dati raccolti attraverso questo sito si dividono in:Dati di navigazione In questa categoria di dati rientrano gli &hellip;<\/p>\n","protected":false},"author":1,"featured_media":0,"parent":0,"menu_order":0,"comment_status":"closed","ping_status":"closed","template":"","meta":{"_acf_changed":false,"footnotes":""},"class_list":["post-2097","page","type-page","status-publish","hentry"],"acf":[],"yoast_head":"<!-- This site is optimized with the Yoast SEO plugin v27.4 - https:\/\/yoast.com\/product\/yoast-seo-wordpress\/ -->\n<title>privacy - ATS<\/title>\n<meta name=\"robots\" content=\"index, follow, max-snippet:-1, max-image-preview:large, max-video-preview:-1\" \/>\n<link rel=\"canonical\" href=\"https:\/\/atsyachtservice.com\/fr\/privacy\/\" \/>\n<meta property=\"og:locale\" content=\"fr_FR\" \/>\n<meta property=\"og:type\" content=\"article\" \/>\n<meta property=\"og:title\" content=\"privacy - ATS\" \/>\n<meta property=\"og:description\" content=\"Privacy Policy e trattamento dei dati personali Informativa resa ai sensi dell\u2019articolo 13 del D.lgs. n.196\/2003 ai visitatori del sito Internet ATS srl e fruitori dei servizi offerti dallo stesso, a partire dall\u2019indirizzo\u00a0http:\/\/www.atsyachtservice.com\/\u00a0, con l\u2019esclusione dei link esterni.I dati raccolti attraverso questo sito si dividono in:Dati di navigazione In questa categoria di dati rientrano gli &hellip;\" \/>\n<meta property=\"og:url\" content=\"https:\/\/atsyachtservice.com\/fr\/privacy\/\" \/>\n<meta property=\"og:site_name\" content=\"ATS\" \/>\n<meta property=\"article:publisher\" content=\"https:\/\/www.facebook.com\/ATS-srl-265660544013092\/\" \/>\n<meta property=\"article:modified_time\" content=\"2024-01-30T10:07:13+00:00\" \/>\n<meta name=\"twitter:card\" content=\"summary_large_image\" \/>\n<meta name=\"twitter:label1\" content=\"Est. reading time\" \/>\n\t<meta name=\"twitter:data1\" content=\"4 minutes\" \/>\n<script type=\"application\/ld+json\" class=\"yoast-schema-graph\">{\"@context\":\"https:\\\/\\\/schema.org\",\"@graph\":[{\"@type\":\"WebPage\",\"@id\":\"https:\\\/\\\/atsyachtservice.com\\\/fr\\\/privacy\\\/\",\"url\":\"https:\\\/\\\/atsyachtservice.com\\\/fr\\\/privacy\\\/\",\"name\":\"privacy - ATS\",\"isPartOf\":{\"@id\":\"https:\\\/\\\/atsyachtservice.com\\\/fr\\\/#website\"},\"datePublished\":\"2018-05-09T14:36:16+00:00\",\"dateModified\":\"2024-01-30T10:07:13+00:00\",\"breadcrumb\":{\"@id\":\"https:\\\/\\\/atsyachtservice.com\\\/fr\\\/privacy\\\/#breadcrumb\"},\"inLanguage\":\"fr-FR\",\"potentialAction\":[{\"@type\":\"ReadAction\",\"target\":[\"https:\\\/\\\/atsyachtservice.com\\\/fr\\\/privacy\\\/\"]}]},{\"@type\":\"BreadcrumbList\",\"@id\":\"https:\\\/\\\/atsyachtservice.com\\\/fr\\\/privacy\\\/#breadcrumb\",\"itemListElement\":[{\"@type\":\"ListItem\",\"position\":1,\"name\":\"Home\",\"item\":\"https:\\\/\\\/atsyachtservice.com\\\/fr\\\/\"},{\"@type\":\"ListItem\",\"position\":2,\"name\":\"privacy\"}]},{\"@type\":\"WebSite\",\"@id\":\"https:\\\/\\\/atsyachtservice.com\\\/fr\\\/#website\",\"url\":\"https:\\\/\\\/atsyachtservice.com\\\/fr\\\/\",\"name\":\"ATS\",\"description\":\"SYST\u00c8MES HYDRAULIQUES NAVALS\",\"publisher\":{\"@id\":\"https:\\\/\\\/atsyachtservice.com\\\/fr\\\/#organization\"},\"potentialAction\":[{\"@type\":\"SearchAction\",\"target\":{\"@type\":\"EntryPoint\",\"urlTemplate\":\"https:\\\/\\\/atsyachtservice.com\\\/fr\\\/?s={search_term_string}\"},\"query-input\":{\"@type\":\"PropertyValueSpecification\",\"valueRequired\":true,\"valueName\":\"search_term_string\"}}],\"inLanguage\":\"fr-FR\"},{\"@type\":\"Organization\",\"@id\":\"https:\\\/\\\/atsyachtservice.com\\\/fr\\\/#organization\",\"name\":\"ATS - Impianti idraulici navali\",\"url\":\"https:\\\/\\\/atsyachtservice.com\\\/fr\\\/\",\"logo\":{\"@type\":\"ImageObject\",\"inLanguage\":\"fr-FR\",\"@id\":\"https:\\\/\\\/atsyachtservice.com\\\/fr\\\/#\\\/schema\\\/logo\\\/image\\\/\",\"url\":\"https:\\\/\\\/atsyachtservice.com\\\/_mamawp\\\/wp-content\\\/uploads\\\/2022\\\/07\\\/logo.png\",\"contentUrl\":\"https:\\\/\\\/atsyachtservice.com\\\/_mamawp\\\/wp-content\\\/uploads\\\/2022\\\/07\\\/logo.png\",\"width\":174,\"height\":80,\"caption\":\"ATS - Impianti idraulici navali\"},\"image\":{\"@id\":\"https:\\\/\\\/atsyachtservice.com\\\/fr\\\/#\\\/schema\\\/logo\\\/image\\\/\"},\"sameAs\":[\"https:\\\/\\\/www.facebook.com\\\/ATS-srl-265660544013092\\\/\",\"https:\\\/\\\/www.instagram.com\\\/ats_impianti_idraulici_navali\\\/\",\"https:\\\/\\\/www.youtube.com\\\/channel\\\/UCZuZipgV0kmNC3KD_CELB1w\",\"https:\\\/\\\/www.linkedin.com\\\/company\\\/ats-srl-impianti-idraulici-navali\\\/about\\\/\"]}]}<\/script>\n<!-- \/ Yoast SEO plugin. -->","yoast_head_json":{"title":"privacy - ATS","robots":{"index":"index","follow":"follow","max-snippet":"max-snippet:-1","max-image-preview":"max-image-preview:large","max-video-preview":"max-video-preview:-1"},"canonical":"https:\/\/atsyachtservice.com\/fr\/privacy\/","og_locale":"fr_FR","og_type":"article","og_title":"privacy - ATS","og_description":"Privacy Policy e trattamento dei dati personali Informativa resa ai sensi dell\u2019articolo 13 del D.lgs. n.196\/2003 ai visitatori del sito Internet ATS srl e fruitori dei servizi offerti dallo stesso, a partire dall\u2019indirizzo\u00a0http:\/\/www.atsyachtservice.com\/\u00a0, con l\u2019esclusione dei link esterni.I dati raccolti attraverso questo sito si dividono in:Dati di navigazione In questa categoria di dati rientrano gli &hellip;","og_url":"https:\/\/atsyachtservice.com\/fr\/privacy\/","og_site_name":"ATS","article_publisher":"https:\/\/www.facebook.com\/ATS-srl-265660544013092\/","article_modified_time":"2024-01-30T10:07:13+00:00","twitter_card":"summary_large_image","twitter_misc":{"Est. reading time":"4 minutes"},"schema":{"@context":"https:\/\/schema.org","@graph":[{"@type":"WebPage","@id":"https:\/\/atsyachtservice.com\/fr\/privacy\/","url":"https:\/\/atsyachtservice.com\/fr\/privacy\/","name":"privacy - ATS","isPartOf":{"@id":"https:\/\/atsyachtservice.com\/fr\/#website"},"datePublished":"2018-05-09T14:36:16+00:00","dateModified":"2024-01-30T10:07:13+00:00","breadcrumb":{"@id":"https:\/\/atsyachtservice.com\/fr\/privacy\/#breadcrumb"},"inLanguage":"fr-FR","potentialAction":[{"@type":"ReadAction","target":["https:\/\/atsyachtservice.com\/fr\/privacy\/"]}]},{"@type":"BreadcrumbList","@id":"https:\/\/atsyachtservice.com\/fr\/privacy\/#breadcrumb","itemListElement":[{"@type":"ListItem","position":1,"name":"Home","item":"https:\/\/atsyachtservice.com\/fr\/"},{"@type":"ListItem","position":2,"name":"privacy"}]},{"@type":"WebSite","@id":"https:\/\/atsyachtservice.com\/fr\/#website","url":"https:\/\/atsyachtservice.com\/fr\/","name":"ATS","description":"SYST\u00c8MES HYDRAULIQUES NAVALS","publisher":{"@id":"https:\/\/atsyachtservice.com\/fr\/#organization"},"potentialAction":[{"@type":"SearchAction","target":{"@type":"EntryPoint","urlTemplate":"https:\/\/atsyachtservice.com\/fr\/?s={search_term_string}"},"query-input":{"@type":"PropertyValueSpecification","valueRequired":true,"valueName":"search_term_string"}}],"inLanguage":"fr-FR"},{"@type":"Organization","@id":"https:\/\/atsyachtservice.com\/fr\/#organization","name":"ATS - Impianti idraulici navali","url":"https:\/\/atsyachtservice.com\/fr\/","logo":{"@type":"ImageObject","inLanguage":"fr-FR","@id":"https:\/\/atsyachtservice.com\/fr\/#\/schema\/logo\/image\/","url":"https:\/\/atsyachtservice.com\/_mamawp\/wp-content\/uploads\/2022\/07\/logo.png","contentUrl":"https:\/\/atsyachtservice.com\/_mamawp\/wp-content\/uploads\/2022\/07\/logo.png","width":174,"height":80,"caption":"ATS - Impianti idraulici navali"},"image":{"@id":"https:\/\/atsyachtservice.com\/fr\/#\/schema\/logo\/image\/"},"sameAs":["https:\/\/www.facebook.com\/ATS-srl-265660544013092\/","https:\/\/www.instagram.com\/ats_impianti_idraulici_navali\/","https:\/\/www.youtube.com\/channel\/UCZuZipgV0kmNC3KD_CELB1w","https:\/\/www.linkedin.com\/company\/ats-srl-impianti-idraulici-navali\/about\/"]}]}},"_links":{"self":[{"href":"https:\/\/atsyachtservice.com\/fr\/wp-json\/wp\/v2\/pages\/2097","targetHints":{"allow":["GET"]}}],"collection":[{"href":"https:\/\/atsyachtservice.com\/fr\/wp-json\/wp\/v2\/pages"}],"about":[{"href":"https:\/\/atsyachtservice.com\/fr\/wp-json\/wp\/v2\/types\/page"}],"author":[{"embeddable":true,"href":"https:\/\/atsyachtservice.com\/fr\/wp-json\/wp\/v2\/users\/1"}],"replies":[{"embeddable":true,"href":"https:\/\/atsyachtservice.com\/fr\/wp-json\/wp\/v2\/comments?post=2097"}],"version-history":[{"count":0,"href":"https:\/\/atsyachtservice.com\/fr\/wp-json\/wp\/v2\/pages\/2097\/revisions"}],"wp:attachment":[{"href":"https:\/\/atsyachtservice.com\/fr\/wp-json\/wp\/v2\/media?parent=2097"}],"curies":[{"name":"wp","href":"https:\/\/api.w.org\/{rel}","templated":true}]}}