{"id":2100,"date":"2018-05-09T16:36:11","date_gmt":"2018-05-09T14:36:11","guid":{"rendered":"https:\/\/atsyachtservice.com\/lazienda\/"},"modified":"2024-07-16T15:59:09","modified_gmt":"2024-07-16T13:59:09","slug":"lazienda","status":"publish","type":"page","link":"https:\/\/atsyachtservice.com\/fr\/lazienda\/","title":{"rendered":"L&#8217;Enterprise"},"content":{"rendered":"<p><strong>ATS Srl<\/strong>\u00a0a \u00e9t\u00e9 fond\u00e9e \u00e0 Viareggio en 2008\u00a0apr\u00e8s des ann\u00e9es d&#8217;exp\u00e9rience acquises dans le secteur des syst\u00e8mes navals et est sp\u00e9cialis\u00e9e dans la cr\u00e9ation de\u00a0<a href=\"http:\/\/atsyachtservice.com\/servizi\/impianti-idraulici-civili-e-industriali\/\">syst\u00e8mes hydrauliques<\/a>,\u00a0<a href=\"http:\/\/atsyachtservice.com\/servizi\/impianti-pneumatici-navali\/\">syst\u00e8mes pneumatiques<\/a>,\u00a0<a href=\"http:\/\/atsyachtservice.com\/servizi\/impianti-oleodinamici-per-yacht\/\">syst\u00e8mes hydrauliques<\/a>\u00a0et\u00a0<a href=\"http:\/\/atsyachtservice.com\/servizi\/impianti-antincendio-navali\/\">syst\u00e8mes de pr\u00e9vention des incendies<\/a>. ATS srl peut compter sur un personnel de production de 70 unit\u00e9s, ce qui lui permet de r\u00e9pondre aux demandes d&#8217;intervention les plus urgentes et impr\u00e9vues sans n\u00e9gliger les travaux en cours.<\/p>\n<p>Depuis toujours, pour notre entreprise, la composante humaine est certainement un \u00e9l\u00e9ment d&#8217;une importance fondamentale pour la r\u00e9alisation d&#8217;un excellent produit. Pour cela&#8230;ATS emploie des collaborateurs qui disposent d&#8217;un bagage d&#8217;<strong>exp\u00e9rience provenant de la meilleure culture nautique de Viareggio <\/strong>et qui, au sein de l&#8217;entreprise, se divisent en \u00e9quipes hautement sp\u00e9cialis\u00e9es et diff\u00e9renci\u00e9es pour faire face aux diff\u00e9rentes interventions de\u00a0<strong>Service, r\u00e9am\u00e9nagement et nouvelles constructions<\/strong>.<\/p>\n<p>La <strong>haute personnalisation du produit<\/strong> que nous proposons au client est garantie par l&#8217;activit\u00e9 des techniciens qui travaillent dans notre atelier m\u00e9canique et qui, gr\u00e2ce \u00e0 l&#8217;utilisation d&#8217;outils professionnels de pr\u00e9cision, sont en mesure de produire des conduites de cycle compl\u00e8tes, y compris la construction et le soudage. La flotte de v\u00e9hicules de soci\u00e9t\u00e9, hautement \u00e9quip\u00e9e et dynamique, nous permet d&#8217;apporter \u00e0 nos clients une <strong>assistance ponctuelle<\/strong> sur toutes les c\u00f4tes de la M\u00e9diterran\u00e9e, m\u00eame en p\u00e9riode de croisi\u00e8re.<\/p>\n<p>Pour rendre son offre plus comp\u00e9titive et r\u00e9pondre aux demandes des clients, ATS a commenc\u00e9 \u00e0 \u00e9tablir des partenariats commerciaux avec des fournisseurs situ\u00e9s dans tous les ports d&#8217;int\u00e9r\u00eat majeur le long des c\u00f4tes de toute l&#8217;Europe et au-del\u00e0&#8230;<\/p>\n<p>\nEn effet, gr\u00e2ce \u00e0 l&#8217;ouverture d&#8217;<strong>ATS BALEARES sl<\/strong> \u00e0 Palma de Majorque,<strong> ATS FRANCE sas<\/strong> \u00e0 Cannes et <strong>ATS USA llc<\/strong> \u00e0 Miami, ATS b\u00e9n\u00e9ficie de bases strat\u00e9giques op\u00e9rationnelles qui lui permettent de fournir ses services sur la plupart des c\u00f4tes europ\u00e9ennes et internationales, en \u00e9tablissant \u00e9galement des collaborations avec des fournisseurs \u00e9trangers.<\/p>\n<p>Cela nous permet de fournir au client des <strong>mat\u00e9riaux \u00e0 des prix comp\u00e9titifs<\/strong>, avec des temps d&#8217;attente r\u00e9duits au minimum et une r\u00e9duction significative des co\u00fbts de transport.<\/p>\n","protected":false},"excerpt":{"rendered":"<p>ATS Srl\u00a0a \u00e9t\u00e9 fond\u00e9e \u00e0 Viareggio en 2008\u00a0apr\u00e8s des ann\u00e9es d&#8217;exp\u00e9rience acquises dans le secteur des syst\u00e8mes navals et est sp\u00e9cialis\u00e9e dans la cr\u00e9ation de\u00a0syst\u00e8mes hydrauliques,\u00a0syst\u00e8mes pneumatiques,\u00a0syst\u00e8mes hydrauliques\u00a0et\u00a0syst\u00e8mes de pr\u00e9vention des incendies. ATS srl peut compter sur un personnel de production de 70 unit\u00e9s, ce qui lui permet de r\u00e9pondre aux demandes d&#8217;intervention les plus &hellip;<\/p>\n","protected":false},"author":1,"featured_media":0,"parent":0,"menu_order":0,"comment_status":"closed","ping_status":"closed","template":"","meta":{"_acf_changed":false,"footnotes":""},"class_list":["post-2100","page","type-page","status-publish","hentry"],"acf":[],"yoast_head":"<!-- This site is optimized with the Yoast SEO plugin v27.4 - https:\/\/yoast.com\/product\/yoast-seo-wordpress\/ -->\n<title>L&#039;Enterprise - ATS<\/title>\n<meta name=\"robots\" content=\"index, follow, max-snippet:-1, max-image-preview:large, max-video-preview:-1\" \/>\n<link rel=\"canonical\" href=\"https:\/\/atsyachtservice.com\/fr\/lazienda\/\" \/>\n<meta property=\"og:locale\" content=\"fr_FR\" \/>\n<meta property=\"og:type\" content=\"article\" \/>\n<meta property=\"og:title\" content=\"L&#039;Enterprise - ATS\" \/>\n<meta property=\"og:description\" content=\"ATS Srl\u00a0a \u00e9t\u00e9 fond\u00e9e \u00e0 Viareggio en 2008\u00a0apr\u00e8s des ann\u00e9es d&#8217;exp\u00e9rience acquises dans le secteur des syst\u00e8mes navals et est sp\u00e9cialis\u00e9e dans la cr\u00e9ation de\u00a0syst\u00e8mes hydrauliques,\u00a0syst\u00e8mes pneumatiques,\u00a0syst\u00e8mes hydrauliques\u00a0et\u00a0syst\u00e8mes de pr\u00e9vention des incendies. ATS srl peut compter sur un personnel de production de 70 unit\u00e9s, ce qui lui permet de r\u00e9pondre aux demandes d&#8217;intervention les plus &hellip;\" \/>\n<meta property=\"og:url\" content=\"https:\/\/atsyachtservice.com\/fr\/lazienda\/\" \/>\n<meta property=\"og:site_name\" content=\"ATS\" \/>\n<meta property=\"article:publisher\" content=\"https:\/\/www.facebook.com\/ATS-srl-265660544013092\/\" \/>\n<meta property=\"article:modified_time\" content=\"2024-07-16T13:59:09+00:00\" \/>\n<meta name=\"twitter:card\" content=\"summary_large_image\" \/>\n<meta name=\"twitter:label1\" content=\"Est. reading time\" \/>\n\t<meta name=\"twitter:data1\" content=\"2 minutes\" \/>\n<script type=\"application\/ld+json\" class=\"yoast-schema-graph\">{\"@context\":\"https:\\\/\\\/schema.org\",\"@graph\":[{\"@type\":\"WebPage\",\"@id\":\"https:\\\/\\\/atsyachtservice.com\\\/fr\\\/lazienda\\\/\",\"url\":\"https:\\\/\\\/atsyachtservice.com\\\/fr\\\/lazienda\\\/\",\"name\":\"L'Enterprise - ATS\",\"isPartOf\":{\"@id\":\"https:\\\/\\\/atsyachtservice.com\\\/fr\\\/#website\"},\"datePublished\":\"2018-05-09T14:36:11+00:00\",\"dateModified\":\"2024-07-16T13:59:09+00:00\",\"breadcrumb\":{\"@id\":\"https:\\\/\\\/atsyachtservice.com\\\/fr\\\/lazienda\\\/#breadcrumb\"},\"inLanguage\":\"fr-FR\",\"potentialAction\":[{\"@type\":\"ReadAction\",\"target\":[\"https:\\\/\\\/atsyachtservice.com\\\/fr\\\/lazienda\\\/\"]}]},{\"@type\":\"BreadcrumbList\",\"@id\":\"https:\\\/\\\/atsyachtservice.com\\\/fr\\\/lazienda\\\/#breadcrumb\",\"itemListElement\":[{\"@type\":\"ListItem\",\"position\":1,\"name\":\"Home\",\"item\":\"https:\\\/\\\/atsyachtservice.com\\\/fr\\\/\"},{\"@type\":\"ListItem\",\"position\":2,\"name\":\"L&#8217;Enterprise\"}]},{\"@type\":\"WebSite\",\"@id\":\"https:\\\/\\\/atsyachtservice.com\\\/fr\\\/#website\",\"url\":\"https:\\\/\\\/atsyachtservice.com\\\/fr\\\/\",\"name\":\"ATS\",\"description\":\"SYST\u00c8MES HYDRAULIQUES NAVALS\",\"publisher\":{\"@id\":\"https:\\\/\\\/atsyachtservice.com\\\/fr\\\/#organization\"},\"potentialAction\":[{\"@type\":\"SearchAction\",\"target\":{\"@type\":\"EntryPoint\",\"urlTemplate\":\"https:\\\/\\\/atsyachtservice.com\\\/fr\\\/?s={search_term_string}\"},\"query-input\":{\"@type\":\"PropertyValueSpecification\",\"valueRequired\":true,\"valueName\":\"search_term_string\"}}],\"inLanguage\":\"fr-FR\"},{\"@type\":\"Organization\",\"@id\":\"https:\\\/\\\/atsyachtservice.com\\\/fr\\\/#organization\",\"name\":\"ATS - Impianti idraulici navali\",\"url\":\"https:\\\/\\\/atsyachtservice.com\\\/fr\\\/\",\"logo\":{\"@type\":\"ImageObject\",\"inLanguage\":\"fr-FR\",\"@id\":\"https:\\\/\\\/atsyachtservice.com\\\/fr\\\/#\\\/schema\\\/logo\\\/image\\\/\",\"url\":\"https:\\\/\\\/atsyachtservice.com\\\/_mamawp\\\/wp-content\\\/uploads\\\/2022\\\/07\\\/logo.png\",\"contentUrl\":\"https:\\\/\\\/atsyachtservice.com\\\/_mamawp\\\/wp-content\\\/uploads\\\/2022\\\/07\\\/logo.png\",\"width\":174,\"height\":80,\"caption\":\"ATS - Impianti idraulici navali\"},\"image\":{\"@id\":\"https:\\\/\\\/atsyachtservice.com\\\/fr\\\/#\\\/schema\\\/logo\\\/image\\\/\"},\"sameAs\":[\"https:\\\/\\\/www.facebook.com\\\/ATS-srl-265660544013092\\\/\",\"https:\\\/\\\/www.instagram.com\\\/ats_impianti_idraulici_navali\\\/\",\"https:\\\/\\\/www.youtube.com\\\/channel\\\/UCZuZipgV0kmNC3KD_CELB1w\",\"https:\\\/\\\/www.linkedin.com\\\/company\\\/ats-srl-impianti-idraulici-navali\\\/about\\\/\"]}]}<\/script>\n<!-- \/ Yoast SEO plugin. -->","yoast_head_json":{"title":"L'Enterprise - ATS","robots":{"index":"index","follow":"follow","max-snippet":"max-snippet:-1","max-image-preview":"max-image-preview:large","max-video-preview":"max-video-preview:-1"},"canonical":"https:\/\/atsyachtservice.com\/fr\/lazienda\/","og_locale":"fr_FR","og_type":"article","og_title":"L'Enterprise - ATS","og_description":"ATS Srl\u00a0a \u00e9t\u00e9 fond\u00e9e \u00e0 Viareggio en 2008\u00a0apr\u00e8s des ann\u00e9es d&#8217;exp\u00e9rience acquises dans le secteur des syst\u00e8mes navals et est sp\u00e9cialis\u00e9e dans la cr\u00e9ation de\u00a0syst\u00e8mes hydrauliques,\u00a0syst\u00e8mes pneumatiques,\u00a0syst\u00e8mes hydrauliques\u00a0et\u00a0syst\u00e8mes de pr\u00e9vention des incendies. ATS srl peut compter sur un personnel de production de 70 unit\u00e9s, ce qui lui permet de r\u00e9pondre aux demandes d&#8217;intervention les plus &hellip;","og_url":"https:\/\/atsyachtservice.com\/fr\/lazienda\/","og_site_name":"ATS","article_publisher":"https:\/\/www.facebook.com\/ATS-srl-265660544013092\/","article_modified_time":"2024-07-16T13:59:09+00:00","twitter_card":"summary_large_image","twitter_misc":{"Est. reading time":"2 minutes"},"schema":{"@context":"https:\/\/schema.org","@graph":[{"@type":"WebPage","@id":"https:\/\/atsyachtservice.com\/fr\/lazienda\/","url":"https:\/\/atsyachtservice.com\/fr\/lazienda\/","name":"L'Enterprise - ATS","isPartOf":{"@id":"https:\/\/atsyachtservice.com\/fr\/#website"},"datePublished":"2018-05-09T14:36:11+00:00","dateModified":"2024-07-16T13:59:09+00:00","breadcrumb":{"@id":"https:\/\/atsyachtservice.com\/fr\/lazienda\/#breadcrumb"},"inLanguage":"fr-FR","potentialAction":[{"@type":"ReadAction","target":["https:\/\/atsyachtservice.com\/fr\/lazienda\/"]}]},{"@type":"BreadcrumbList","@id":"https:\/\/atsyachtservice.com\/fr\/lazienda\/#breadcrumb","itemListElement":[{"@type":"ListItem","position":1,"name":"Home","item":"https:\/\/atsyachtservice.com\/fr\/"},{"@type":"ListItem","position":2,"name":"L&#8217;Enterprise"}]},{"@type":"WebSite","@id":"https:\/\/atsyachtservice.com\/fr\/#website","url":"https:\/\/atsyachtservice.com\/fr\/","name":"ATS","description":"SYST\u00c8MES HYDRAULIQUES NAVALS","publisher":{"@id":"https:\/\/atsyachtservice.com\/fr\/#organization"},"potentialAction":[{"@type":"SearchAction","target":{"@type":"EntryPoint","urlTemplate":"https:\/\/atsyachtservice.com\/fr\/?s={search_term_string}"},"query-input":{"@type":"PropertyValueSpecification","valueRequired":true,"valueName":"search_term_string"}}],"inLanguage":"fr-FR"},{"@type":"Organization","@id":"https:\/\/atsyachtservice.com\/fr\/#organization","name":"ATS - Impianti idraulici navali","url":"https:\/\/atsyachtservice.com\/fr\/","logo":{"@type":"ImageObject","inLanguage":"fr-FR","@id":"https:\/\/atsyachtservice.com\/fr\/#\/schema\/logo\/image\/","url":"https:\/\/atsyachtservice.com\/_mamawp\/wp-content\/uploads\/2022\/07\/logo.png","contentUrl":"https:\/\/atsyachtservice.com\/_mamawp\/wp-content\/uploads\/2022\/07\/logo.png","width":174,"height":80,"caption":"ATS - Impianti idraulici navali"},"image":{"@id":"https:\/\/atsyachtservice.com\/fr\/#\/schema\/logo\/image\/"},"sameAs":["https:\/\/www.facebook.com\/ATS-srl-265660544013092\/","https:\/\/www.instagram.com\/ats_impianti_idraulici_navali\/","https:\/\/www.youtube.com\/channel\/UCZuZipgV0kmNC3KD_CELB1w","https:\/\/www.linkedin.com\/company\/ats-srl-impianti-idraulici-navali\/about\/"]}]}},"_links":{"self":[{"href":"https:\/\/atsyachtservice.com\/fr\/wp-json\/wp\/v2\/pages\/2100","targetHints":{"allow":["GET"]}}],"collection":[{"href":"https:\/\/atsyachtservice.com\/fr\/wp-json\/wp\/v2\/pages"}],"about":[{"href":"https:\/\/atsyachtservice.com\/fr\/wp-json\/wp\/v2\/types\/page"}],"author":[{"embeddable":true,"href":"https:\/\/atsyachtservice.com\/fr\/wp-json\/wp\/v2\/users\/1"}],"replies":[{"embeddable":true,"href":"https:\/\/atsyachtservice.com\/fr\/wp-json\/wp\/v2\/comments?post=2100"}],"version-history":[{"count":0,"href":"https:\/\/atsyachtservice.com\/fr\/wp-json\/wp\/v2\/pages\/2100\/revisions"}],"wp:attachment":[{"href":"https:\/\/atsyachtservice.com\/fr\/wp-json\/wp\/v2\/media?parent=2100"}],"curies":[{"name":"wp","href":"https:\/\/api.w.org\/{rel}","templated":true}]}}